{"id":1154,"date":"2018-09-19T21:57:32","date_gmt":"2018-09-20T00:57:32","guid":{"rendered":"http:\/\/biblio1.mdp.edu.ar\/centro-ventas\/?post_type=product&#038;p=1154"},"modified":"2026-03-30T17:50:08","modified_gmt":"2026-03-30T20:50:08","slug":"orbitales-hidrogenadas","status":"publish","type":"product","link":"https:\/\/biblio1.mdp.edu.ar\/centro-ventas\/producto\/orbitales-hidrogenadas\/","title":{"rendered":"Orbitales hidrogenoides &#8211; Estructura y visualizaci\u00f3n"},"content":{"rendered":"<p>Newtoniana, su \u00e9xito m\u00e1s\u00a0impresionante fue su capacidad\u00a0de explicar las \u00a0\u00f3rbitas de los\u00a0planetas. Para el problema de\u00a0dos cuerpos que interact\u00faan<br \/>\ngravitatoriamente con una fuerza\u00a0inversamente proporcional al\u00a0cuadrado de la distancia, como\u00a0es el caso de una estrella y un\u00a0planeta, surge la trayectoria\u00a0cerrada de la elipse en uno de\u00a0cuyos focos estar\u00eda situado el\u00a0centro de masa del sistema.\u00a0Esta obra permite al lector,\u00a0estudiante o docente, con<br \/>\nconocimientos universitarios de\u00a0matem\u00e1ticas, iniciarse en el<br \/>\nan\u00e1lisis gr\u00e1fico del tema. Gu\u00eda al\u00a0lector para que pueda disfrutar de\u00a0los conocimientos que se van\u00a0adquiriendo y maravillarse con el\u00a0tipo de figuras y con las\u00a0interesantes relaciones que se\u00a0muestran y explican.<br \/>\nEl entrenamiento que propone\u00a0este libro favorece la\u00a0comprensi\u00f3n de los orbitales\u00a0at\u00f3micos, por parte de los\u00a0estudiantes de Ciencia. Por otro<br \/>\nlado, el aspecto de las\u00a0representaciones gr\u00e1ficas de\u00a0estas funciones, que tienen\u00a0belleza est\u00e9tica, puede interesar\u00a0a estudiantes de otras disciplinas,\u00a0relacionadas con el arte.<\/p>\n","protected":false},"excerpt":{"rendered":"<p>Newtoniana, su \u00e9xito m\u00e1s\u00a0impresionante fue su capacidad\u00a0de explicar las \u00a0\u00f3rbitas de los\u00a0planetas. Para el problema de\u00a0dos cuerpos que interact\u00faan gravitatoriamente con una fuerza\u00a0inversamente proporcional al\u00a0cuadrado de la distancia, como\u00a0es el caso de una estrella y un\u00a0planeta, surge la trayectoria\u00a0cerrada de la elipse en uno de\u00a0cuyos focos estar\u00eda situado el\u00a0centro de masa del sistema.\u00a0Esta obra permite [&hellip;]<\/p>\n","protected":false},"featured_media":992,"template":"","meta":{"_acf_changed":false,"_eb_attr":"","_crdt_document":"","_uag_custom_page_level_css":"","_editorskit_title_hidden":false,"_editorskit_reading_time":0,"_editorskit_is_block_options_detached":false,"_editorskit_block_options_position":"{}","site-sidebar-layout":"default","site-content-layout":"default","ast-site-content-layout":"default","site-content-style":"default","site-sidebar-style":"default","ast-global-header-display":"","ast-banner-title-visibility":"","ast-main-header-display":"","ast-hfb-above-header-display":"","ast-hfb-below-header-display":"","ast-hfb-mobile-header-display":"","site-post-title":"","ast-breadcrumbs-content":"","ast-featured-img":"","footer-sml-layout":"","ast-disable-related-posts":"","theme-transparent-header-meta":"default","adv-header-id-meta":"","stick-header-meta":"","header-above-stick-meta":"","header-main-stick-meta":"","header-below-stick-meta":"","astra-migrate-meta-layouts":"default","ast-page-background-enabled":"default","ast-page-background-meta":{"desktop":{"background-color":"var(--ast-global-color-4)","background-image":"","background-repeat":"repeat","background-position":"center center","background-size":"auto","background-attachment":"scroll","background-type":"","background-media":"","overlay-type":"","overlay-color":"","overlay-opacity":"","overlay-gradient":""},"tablet":{"background-color":"","background-image":"","background-repeat":"repeat","background-position":"center center","background-size":"auto","background-attachment":"scroll","background-type":"","background-media":"","overlay-type":"","overlay-color":"","overlay-opacity":"","overlay-gradient":""},"mobile":{"background-color":"","background-image":"","background-repeat":"repeat","background-position":"center center","background-size":"auto","background-attachment":"scroll","background-type":"","background-media":"","overlay-type":"","overlay-color":"","overlay-opacity":"","overlay-gradient":""}},"ast-content-background-meta":{"desktop":{"background-color":"var(--ast-global-color-5)","background-image":"","background-repeat":"repeat","background-position":"center center","background-size":"auto","background-attachment":"scroll","background-type":"","background-media":"","overlay-type":"","overlay-color":"","overlay-opacity":"","overlay-gradient":""},"tablet":{"background-color":"var(--ast-global-color-5)","background-image":"","background-repeat":"repeat","background-position":"center center","background-size":"auto","background-attachment":"scroll","background-type":"","background-media":"","overlay-type":"","overlay-color":"","overlay-opacity":"","overlay-gradient":""},"mobile":{"background-color":"var(--ast-global-color-5)","background-image":"","background-repeat":"repeat","background-position":"center center","background-size":"auto","background-attachment":"scroll","background-type":"","background-media":"","overlay-type":"","overlay-color":"","overlay-opacity":"","overlay-gradient":""}}},"product_cat":[115,32,28],"product_tag":[58,66],"class_list":{"0":"post-1154","1":"product","2":"type-product","3":"status-publish","4":"has-post-thumbnail","6":"product_cat-herramientas","7":"product_cat-edudem","8":"product_cat-libro","9":"product_tag-coleccion-herramientas","10":"product_tag-quimica","11":"desktop-align-left","12":"tablet-align-left","13":"mobile-align-left","15":"first","16":"instock","17":"shipping-taxable","18":"purchasable","19":"product-type-simple"},"acf":[],"uagb_featured_image_src":{"full":["https:\/\/biblio1.mdp.edu.ar\/centro-ventas\/wp-content\/uploads\/sites\/2\/2018\/09\/9789871921133.jpg",1400,2109,false],"thumbnail":["https:\/\/biblio1.mdp.edu.ar\/centro-ventas\/wp-content\/uploads\/sites\/2\/2018\/09\/9789871921133-150x150.jpg",150,150,true],"medium":["https:\/\/biblio1.mdp.edu.ar\/centro-ventas\/wp-content\/uploads\/sites\/2\/2018\/09\/9789871921133-199x300.jpg",199,300,true],"medium_large":["https:\/\/biblio1.mdp.edu.ar\/centro-ventas\/wp-content\/uploads\/sites\/2\/2018\/09\/9789871921133-768x1157.jpg",768,1157,true],"large":["https:\/\/biblio1.mdp.edu.ar\/centro-ventas\/wp-content\/uploads\/sites\/2\/2018\/09\/9789871921133-680x1024.jpg",680,1024,true],"1536x1536":["https:\/\/biblio1.mdp.edu.ar\/centro-ventas\/wp-content\/uploads\/sites\/2\/2018\/09\/9789871921133.jpg",1020,1536,false],"2048x2048":["https:\/\/biblio1.mdp.edu.ar\/centro-ventas\/wp-content\/uploads\/sites\/2\/2018\/09\/9789871921133.jpg",1360,2048,false],"woocommerce_thumbnail":["https:\/\/biblio1.mdp.edu.ar\/centro-ventas\/wp-content\/uploads\/sites\/2\/2018\/09\/9789871921133-250x377.jpg",250,377,true],"woocommerce_single":["https:\/\/biblio1.mdp.edu.ar\/centro-ventas\/wp-content\/uploads\/sites\/2\/2018\/09\/9789871921133-680x1024.jpg",600,904,true],"woocommerce_gallery_thumbnail":["https:\/\/biblio1.mdp.edu.ar\/centro-ventas\/wp-content\/uploads\/sites\/2\/2018\/09\/9789871921133-100x100.jpg",100,100,true]},"uagb_author_info":{"display_name":"Cristina Bernabe","author_link":"https:\/\/biblio1.mdp.edu.ar\/centro-ventas\/author\/"},"uagb_comment_info":0,"uagb_excerpt":"Newtoniana, su \u00e9xito m\u00e1s\u00a0impresionante fue su capacidad\u00a0de explicar las \u00a0\u00f3rbitas de los\u00a0planetas. Para el problema de\u00a0dos cuerpos que interact\u00faan gravitatoriamente con una fuerza\u00a0inversamente proporcional al\u00a0cuadrado de la distancia, como\u00a0es el caso de una estrella y un\u00a0planeta, surge la trayectoria\u00a0cerrada de la elipse en uno de\u00a0cuyos focos estar\u00eda situado el\u00a0centro de masa del sistema.\u00a0Esta obra permite&hellip;","_links":{"self":[{"href":"https:\/\/biblio1.mdp.edu.ar\/centro-ventas\/wp-json\/wp\/v2\/product\/1154","targetHints":{"allow":["GET"]}}],"collection":[{"href":"https:\/\/biblio1.mdp.edu.ar\/centro-ventas\/wp-json\/wp\/v2\/product"}],"about":[{"href":"https:\/\/biblio1.mdp.edu.ar\/centro-ventas\/wp-json\/wp\/v2\/types\/product"}],"wp:featuredmedia":[{"embeddable":true,"href":"https:\/\/biblio1.mdp.edu.ar\/centro-ventas\/wp-json\/wp\/v2\/media\/992"}],"wp:attachment":[{"href":"https:\/\/biblio1.mdp.edu.ar\/centro-ventas\/wp-json\/wp\/v2\/media?parent=1154"}],"wp:term":[{"taxonomy":"product_cat","embeddable":true,"href":"https:\/\/biblio1.mdp.edu.ar\/centro-ventas\/wp-json\/wp\/v2\/product_cat?post=1154"},{"taxonomy":"product_tag","embeddable":true,"href":"https:\/\/biblio1.mdp.edu.ar\/centro-ventas\/wp-json\/wp\/v2\/product_tag?post=1154"}],"curies":[{"name":"wp","href":"https:\/\/api.w.org\/{rel}","templated":true}]}}