{"id":1124,"date":"2018-09-18T21:22:39","date_gmt":"2018-09-19T00:22:39","guid":{"rendered":"http:\/\/biblio1.mdp.edu.ar\/centro-ventas\/?post_type=product&#038;p=1124"},"modified":"2026-04-01T15:03:12","modified_gmt":"2026-04-01T18:03:12","slug":"usos-de-la-imaginacion-poesia-de-los-latinos-en-eeuu","status":"publish","type":"product","link":"https:\/\/biblio1.mdp.edu.ar\/centro-ventas\/producto\/usos-de-la-imaginacion-poesia-de-los-latinos-en-eeuu\/","title":{"rendered":"Usos de la imaginaci\u00f3n: Poes\u00eda de los latinos en EEUU"},"content":{"rendered":"<p>Este compendio es el resultado\u00a0de un proyecto de investigaci\u00f3n\u00a0del grupo \u00abProblemas de la\u00a0Literatura Comparada\u00bb, cuyo\u00a0punto central es la literatura<br \/>\nmulticultural y su traducci\u00f3n. La\u00a0presente antolog\u00eda de poetas\u00a0latinos refleja una b\u00fasqueda de\u00a0calidad y representatividad,\u00a0donde el estudio de estos poetas\u00a0se realiz\u00f3 a trav\u00e9s de una\u00a0\u00abtransformance\u00bb de los poemas.<br \/>\nLa traducci\u00f3n literaria constituye\u00a0una mirada interdisciplinaria, y\u00a0habilita un acceso al campo\u00a0literario m\u00e1s all\u00e1 de los m\u00e9todos\u00a0tradicionales.<\/p>\n","protected":false},"excerpt":{"rendered":"<p>Este compendio es el resultado\u00a0de un proyecto de investigaci\u00f3n\u00a0del grupo \u00abProblemas de la\u00a0Literatura Comparada\u00bb, cuyo\u00a0punto central es la literatura multicultural y su traducci\u00f3n. La\u00a0presente antolog\u00eda de poetas\u00a0latinos refleja una b\u00fasqueda de\u00a0calidad y representatividad,\u00a0donde el estudio de estos poetas\u00a0se realiz\u00f3 a trav\u00e9s de una\u00a0\u00abtransformance\u00bb de los poemas. La traducci\u00f3n literaria constituye\u00a0una mirada interdisciplinaria, y\u00a0habilita un acceso [&hellip;]<\/p>\n","protected":false},"featured_media":1125,"template":"","meta":{"_acf_changed":false,"_eb_attr":"","_crdt_document":"","_uag_custom_page_level_css":"","_editorskit_title_hidden":false,"_editorskit_reading_time":0,"_editorskit_is_block_options_detached":false,"_editorskit_block_options_position":"{}","site-sidebar-layout":"default","site-content-layout":"default","ast-site-content-layout":"default","site-content-style":"default","site-sidebar-style":"default","ast-global-header-display":"","ast-banner-title-visibility":"","ast-main-header-display":"","ast-hfb-above-header-display":"","ast-hfb-below-header-display":"","ast-hfb-mobile-header-display":"","site-post-title":"","ast-breadcrumbs-content":"","ast-featured-img":"","footer-sml-layout":"","ast-disable-related-posts":"","theme-transparent-header-meta":"default","adv-header-id-meta":"","stick-header-meta":"","header-above-stick-meta":"","header-main-stick-meta":"","header-below-stick-meta":"","astra-migrate-meta-layouts":"default","ast-page-background-enabled":"default","ast-page-background-meta":{"desktop":{"background-color":"var(--ast-global-color-4)","background-image":"","background-repeat":"repeat","background-position":"center center","background-size":"auto","background-attachment":"scroll","background-type":"","background-media":"","overlay-type":"","overlay-color":"","overlay-opacity":"","overlay-gradient":""},"tablet":{"background-color":"","background-image":"","background-repeat":"repeat","background-position":"center center","background-size":"auto","background-attachment":"scroll","background-type":"","background-media":"","overlay-type":"","overlay-color":"","overlay-opacity":"","overlay-gradient":""},"mobile":{"background-color":"","background-image":"","background-repeat":"repeat","background-position":"center center","background-size":"auto","background-attachment":"scroll","background-type":"","background-media":"","overlay-type":"","overlay-color":"","overlay-opacity":"","overlay-gradient":""}},"ast-content-background-meta":{"desktop":{"background-color":"var(--ast-global-color-5)","background-image":"","background-repeat":"repeat","background-position":"center center","background-size":"auto","background-attachment":"scroll","background-type":"","background-media":"","overlay-type":"","overlay-color":"","overlay-opacity":"","overlay-gradient":""},"tablet":{"background-color":"var(--ast-global-color-5)","background-image":"","background-repeat":"repeat","background-position":"center center","background-size":"auto","background-attachment":"scroll","background-type":"","background-media":"","overlay-type":"","overlay-color":"","overlay-opacity":"","overlay-gradient":""},"mobile":{"background-color":"var(--ast-global-color-5)","background-image":"","background-repeat":"repeat","background-position":"center center","background-size":"auto","background-attachment":"scroll","background-type":"","background-media":"","overlay-type":"","overlay-color":"","overlay-opacity":"","overlay-gradient":""}}},"product_cat":[32,28,124],"product_tag":[139],"class_list":{"0":"post-1124","1":"product","2":"type-product","3":"status-publish","4":"has-post-thumbnail","6":"product_cat-edudem","7":"product_cat-libro","8":"product_cat-serie-simbolos","9":"product_tag-poesia","10":"desktop-align-left","11":"tablet-align-left","12":"mobile-align-left","14":"first","15":"instock","16":"shipping-taxable","17":"purchasable","18":"product-type-simple"},"acf":[],"uagb_featured_image_src":{"full":["https:\/\/biblio1.mdp.edu.ar\/centro-ventas\/wp-content\/uploads\/sites\/2\/2018\/09\/usosDeLA.jpg",275,393,false],"thumbnail":["https:\/\/biblio1.mdp.edu.ar\/centro-ventas\/wp-content\/uploads\/sites\/2\/2018\/09\/usosDeLA-150x150.jpg",150,150,true],"medium":["https:\/\/biblio1.mdp.edu.ar\/centro-ventas\/wp-content\/uploads\/sites\/2\/2018\/09\/usosDeLA-210x300.jpg",210,300,true],"medium_large":["https:\/\/biblio1.mdp.edu.ar\/centro-ventas\/wp-content\/uploads\/sites\/2\/2018\/09\/usosDeLA.jpg",275,393,false],"large":["https:\/\/biblio1.mdp.edu.ar\/centro-ventas\/wp-content\/uploads\/sites\/2\/2018\/09\/usosDeLA.jpg",275,393,false],"1536x1536":["https:\/\/biblio1.mdp.edu.ar\/centro-ventas\/wp-content\/uploads\/sites\/2\/2018\/09\/usosDeLA.jpg",275,393,false],"2048x2048":["https:\/\/biblio1.mdp.edu.ar\/centro-ventas\/wp-content\/uploads\/sites\/2\/2018\/09\/usosDeLA.jpg",275,393,false],"woocommerce_thumbnail":["https:\/\/biblio1.mdp.edu.ar\/centro-ventas\/wp-content\/uploads\/sites\/2\/2018\/09\/usosDeLA-250x357.jpg",250,357,true],"woocommerce_single":["https:\/\/biblio1.mdp.edu.ar\/centro-ventas\/wp-content\/uploads\/sites\/2\/2018\/09\/usosDeLA.jpg",275,393,false],"woocommerce_gallery_thumbnail":["https:\/\/biblio1.mdp.edu.ar\/centro-ventas\/wp-content\/uploads\/sites\/2\/2018\/09\/usosDeLA-100x100.jpg",100,100,true]},"uagb_author_info":{"display_name":"Cristina Bernabe","author_link":"https:\/\/biblio1.mdp.edu.ar\/centro-ventas\/author\/"},"uagb_comment_info":0,"uagb_excerpt":"Este compendio es el resultado\u00a0de un proyecto de investigaci\u00f3n\u00a0del grupo \u00abProblemas de la\u00a0Literatura Comparada\u00bb, cuyo\u00a0punto central es la literatura multicultural y su traducci\u00f3n. La\u00a0presente antolog\u00eda de poetas\u00a0latinos refleja una b\u00fasqueda de\u00a0calidad y representatividad,\u00a0donde el estudio de estos poetas\u00a0se realiz\u00f3 a trav\u00e9s de una\u00a0\u00abtransformance\u00bb de los poemas. La traducci\u00f3n literaria constituye\u00a0una mirada interdisciplinaria, y\u00a0habilita un acceso&hellip;","_links":{"self":[{"href":"https:\/\/biblio1.mdp.edu.ar\/centro-ventas\/wp-json\/wp\/v2\/product\/1124","targetHints":{"allow":["GET"]}}],"collection":[{"href":"https:\/\/biblio1.mdp.edu.ar\/centro-ventas\/wp-json\/wp\/v2\/product"}],"about":[{"href":"https:\/\/biblio1.mdp.edu.ar\/centro-ventas\/wp-json\/wp\/v2\/types\/product"}],"wp:featuredmedia":[{"embeddable":true,"href":"https:\/\/biblio1.mdp.edu.ar\/centro-ventas\/wp-json\/wp\/v2\/media\/1125"}],"wp:attachment":[{"href":"https:\/\/biblio1.mdp.edu.ar\/centro-ventas\/wp-json\/wp\/v2\/media?parent=1124"}],"wp:term":[{"taxonomy":"product_cat","embeddable":true,"href":"https:\/\/biblio1.mdp.edu.ar\/centro-ventas\/wp-json\/wp\/v2\/product_cat?post=1124"},{"taxonomy":"product_tag","embeddable":true,"href":"https:\/\/biblio1.mdp.edu.ar\/centro-ventas\/wp-json\/wp\/v2\/product_tag?post=1124"}],"curies":[{"name":"wp","href":"https:\/\/api.w.org\/{rel}","templated":true}]}}