{"id":3109,"date":"2024-05-06T10:29:22","date_gmt":"2024-05-06T13:29:22","guid":{"rendered":"http:\/\/biblio1.mdp.edu.ar\/centro-ventas\/?page_id=3109"},"modified":"2025-10-21T16:33:13","modified_gmt":"2025-10-21T19:33:13","slug":"inicio","status":"publish","type":"page","link":"https:\/\/biblio1.mdp.edu.ar\/centro-ventas\/inicio\/","title":{"rendered":"iniciob"},"content":{"rendered":"<div class=\"wp-block-uagb-container uagb-block-e0941c20 alignfull uagb-is-root-container\"><div class=\"uagb-container-inner-blocks-wrap\"><div class=\"wp-block-uagb-separator uagb-block-2bcae16c\"><div class=\"wp-block-uagb-separator__inner\" style=\"--my-background-image:\"><\/div><\/div>\n\n<div class=\"wp-block-uagb-separator uagb-block-225d1263\"><div class=\"wp-block-uagb-separator__inner\" style=\"--my-background-image:\"><\/div><\/div><\/div><\/div><div class=\"wp-block-uagb-container uagb-block-63075545 alignfull uagb-is-root-container\"><div class=\"uagb-container-inner-blocks-wrap\"><div class=\"wp-block-uagb-advanced-heading uagb-block-03f167e1\"><h2 class=\"uagb-heading-text\">Centro de Ventas<\/h2><\/div><\/div><\/div><div class=\"wp-block-uagb-container uagb-block-38be2160 alignfull uagb-is-root-container\"><div class=\"uagb-container-inner-blocks-wrap\"><form role=\"search\" method=\"get\" action=\"https:\/\/biblio1.mdp.edu.ar\/centro-ventas\/\" class=\"wp-block-search__button-inside wp-block-search__text-button wp-block-search\"    ><label class=\"wp-block-search__label screen-reader-text\" for=\"wp-block-search__input-1\"  style=\"font-weight: 700;font-style: normal\">Buscar<\/label><div class=\"wp-block-search__inside-wrapper has-border-color\"  style=\"width: 75%;border-width: 11px;border-color: #42424261;border-radius: calc(1px + 4px)\"><input class=\"wp-block-search__input\" id=\"wp-block-search__input-1\" placeholder=\"Buscar productos...\" value=\"\" type=\"search\" name=\"s\" required  style=\"border-radius: 1px;font-weight: 700;font-style: normal\"\/><input type=\"hidden\" name=\"post_type\" value=\"product\" \/><button aria-label=\"Buscar\" class=\"wp-block-search__button has-text-color has-ast-global-color-4-color wp-element-button\" type=\"submit\"  style=\"border-radius: 1px;font-weight: 700;font-style: normal\">Buscar<\/button><\/div><\/form><\/div><\/div><div class=\"wp-block-uagb-container uagb-block-6ec0b1b5 alignfull uagb-is-root-container\"><div class=\"uagb-container-inner-blocks-wrap\"><div class=\"wp-block-columns is-layout-flex wp-container-core-columns-is-layout-7387b849 wp-block-columns-is-layout-flex\"><div class=\"wp-block-column is-layout-flow wp-block-column-is-layout-flow\" style=\"flex-basis:25%\"><div class=\"wp-block-uagb-advanced-heading uagb-block-42180a8a\"><h6 class=\"uagb-heading-text\">Buscar por categor\u00edas<\/h6><\/div><\/div>\n\n<div class=\"wp-block-column is-layout-flow wp-block-column-is-layout-flow\" style=\"flex-basis:50%\"><div data-block-name=\"woocommerce\/product-categories\" data-is-dropdown=\"true\" class=\"wp-block-woocommerce-product-categories wc-block-product-categories is-dropdown \" style=\"\">\n\t\t\t<div class=\"wc-block-product-categories__dropdown\">\n\t\t\t\t<label\n\t\t\t\tclass=\"screen-reader-text\"\n\t\t\t\t\tfor=\"product-categories-69d5342020cbd-select\"\n\t\t\t\t>\n\t\t\t\t\tSelecciona una categor\u00eda\n\t\t\t\t<\/label>\n\t\t\t\t<select aria-label=\"Lista de categor\u00edas con el recuento de sus productos\" id=\"product-categories-69d5342020cbd-select\">\n\t\t\t\t\t<option value=\"false\" hidden>\n\t\t\t\t\t\tSelecciona una categor\u00eda\n\t\t\t\t\t<\/option>\n\t\t\t\t\t\n\t\t\t\t<option value=\"https:\/\/biblio1.mdp.edu.ar\/centro-ventas\/categoria-producto\/sin-categoria\/\">\n\t\t\t\t\t\n\t\t\t\t\tSin categor\u00eda\n\t\t\t\t\t(1)\n\t\t\t\t<\/option>\n\t\t\t\t\n\t\t\t\n\t\t\t\t<option value=\"https:\/\/biblio1.mdp.edu.ar\/centro-ventas\/categoria-producto\/arquitectura\/\">\n\t\t\t\t\t\n\t\t\t\t\tArquitectura\n\t\t\t\t\t(10)\n\t\t\t\t<\/option>\n\t\t\t\t\n\t\t\t\n\t\t\t\t<option value=\"https:\/\/biblio1.mdp.edu.ar\/centro-ventas\/categoria-producto\/material-anexo\/\">\n\t\t\t\t\t\n\t\t\t\t\tDescargas\n\t\t\t\t\t(1)\n\t\t\t\t<\/option>\n\t\t\t\t\n\t\t\t\n\t\t\t\t<option value=\"https:\/\/biblio1.mdp.edu.ar\/centro-ventas\/categoria-producto\/libro\/\">\n\t\t\t\t\t\n\t\t\t\t\tLibro\n\t\t\t\t\t(505)\n\t\t\t\t<\/option>\n\t\t\t\t\n\t\t\t\t<option value=\"https:\/\/biblio1.mdp.edu.ar\/centro-ventas\/categoria-producto\/libro\/alcion-editora\/\">\n\t\t\t\t\t&minus;\n\t\t\t\t\tAlci\u00f3n Editora\n\t\t\t\t\t(1)\n\t\t\t\t<\/option>\n\t\t\t\t\n\t\t\t\n\t\t\t\t<option value=\"https:\/\/biblio1.mdp.edu.ar\/centro-ventas\/categoria-producto\/libro\/alfagrama\/\">\n\t\t\t\t\t&minus;\n\t\t\t\t\tAlfagrama\n\t\t\t\t\t(71)\n\t\t\t\t<\/option>\n\t\t\t\t\n\t\t\t\n\t\t\t\t<option value=\"https:\/\/biblio1.mdp.edu.ar\/centro-ventas\/categoria-producto\/libro\/derecho\/\">\n\t\t\t\t\t&minus;\n\t\t\t\t\tDerecho\n\t\t\t\t\t(44)\n\t\t\t\t<\/option>\n\t\t\t\t\n\t\t\t\n\t\t\t\t<option value=\"https:\/\/biblio1.mdp.edu.ar\/centro-ventas\/categoria-producto\/libro\/ediciones-egac\/\">\n\t\t\t\t\t&minus;\n\t\t\t\t\tEdiciones EGAC\n\t\t\t\t\t(1)\n\t\t\t\t<\/option>\n\t\t\t\t\n\t\t\t\n\t\t\t\t<option value=\"https:\/\/biblio1.mdp.edu.ar\/centro-ventas\/categoria-producto\/libro\/ediciones-suarez\/\">\n\t\t\t\t\t&minus;\n\t\t\t\t\tEdiciones Su\u00e1rez\n\t\t\t\t\t(1)\n\t\t\t\t<\/option>\n\t\t\t\t\n\t\t\t\n\t\t\t\t<option value=\"https:\/\/biblio1.mdp.edu.ar\/centro-ventas\/categoria-producto\/libro\/edulp\/\">\n\t\t\t\t\t&minus;\n\t\t\t\t\tEDULP\n\t\t\t\t\t(1)\n\t\t\t\t<\/option>\n\t\t\t\t\n\t\t\t\n\t\t\t\t<option value=\"https:\/\/biblio1.mdp.edu.ar\/centro-ventas\/categoria-producto\/libro\/edunt\/\">\n\t\t\t\t\t&minus;\n\t\t\t\t\tEDUNT\n\t\t\t\t\t(1)\n\t\t\t\t<\/option>\n\t\t\t\t\n\t\t\t\n\t\t\t\t<option value=\"https:\/\/biblio1.mdp.edu.ar\/centro-ventas\/categoria-producto\/libro\/eduntref\/\">\n\t\t\t\t\t&minus;\n\t\t\t\t\tEDUNTREF\n\t\t\t\t\t(1)\n\t\t\t\t<\/option>\n\t\t\t\t\n\t\t\t\n\t\t\t\t<option value=\"https:\/\/biblio1.mdp.edu.ar\/centro-ventas\/categoria-producto\/libro\/eduvim\/\">\n\t\t\t\t\t&minus;\n\t\t\t\t\tEduvim\n\t\t\t\t\t(41)\n\t\t\t\t<\/option>\n\t\t\t\t\n\t\t\t\n\t\t\t\t<option value=\"https:\/\/biblio1.mdp.edu.ar\/centro-ventas\/categoria-producto\/libro\/eudeba-libro\/\">\n\t\t\t\t\t&minus;\n\t\t\t\t\tEUDEBA\n\t\t\t\t\t(74)\n\t\t\t\t<\/option>\n\t\t\t\t\n\t\t\t\n\t\t\t\t<option value=\"https:\/\/biblio1.mdp.edu.ar\/centro-ventas\/categoria-producto\/libro\/edudem\/\">\n\t\t\t\t\t&minus;\n\t\t\t\t\tEUDEM\n\t\t\t\t\t(235)\n\t\t\t\t<\/option>\n\t\t\t\t\n\t\t\t\t<option value=\"https:\/\/biblio1.mdp.edu.ar\/centro-ventas\/categoria-producto\/libro\/edudem\/coleccion-bitacora\/\">\n\t\t\t\t\t&minus;&minus;\n\t\t\t\t\tBIT\u00c1CORA (cuadernos del analista)\n\t\t\t\t\t(9)\n\t\t\t\t<\/option>\n\t\t\t\t\n\t\t\t\n\t\t\t\t<option value=\"https:\/\/biblio1.mdp.edu.ar\/centro-ventas\/categoria-producto\/libro\/edudem\/coleccion-derecho-internacional\/\">\n\t\t\t\t\t&minus;&minus;\n\t\t\t\t\tColecci\u00f3n DERECHO INTERNACIONAL\n\t\t\t\t\t(2)\n\t\t\t\t<\/option>\n\t\t\t\t\n\t\t\t\n\t\t\t\t<option value=\"https:\/\/biblio1.mdp.edu.ar\/centro-ventas\/categoria-producto\/libro\/edudem\/coleccion-escritores-argentinos\/\">\n\t\t\t\t\t&minus;&minus;\n\t\t\t\t\tColecci\u00f3n ESCRITORES ARGENTINOS\n\t\t\t\t\t(8)\n\t\t\t\t<\/option>\n\t\t\t\t\n\t\t\t\n\t\t\t\t<option value=\"https:\/\/biblio1.mdp.edu.ar\/centro-ventas\/categoria-producto\/libro\/edudem\/herramientas\/\">\n\t\t\t\t\t&minus;&minus;\n\t\t\t\t\tColecci\u00f3n HERRAMIENTAS TECNOLOGICAS\n\t\t\t\t\t(31)\n\t\t\t\t<\/option>\n\t\t\t\t\n\t\t\t\n\t\t\t\t<option value=\"https:\/\/biblio1.mdp.edu.ar\/centro-ventas\/categoria-producto\/libro\/edudem\/la-argentina-peroista\/\">\n\t\t\t\t\t&minus;&minus;\n\t\t\t\t\tColecci\u00f3n LA ARGENTINA PERONISTA\n\t\t\t\t\t(11)\n\t\t\t\t<\/option>\n\t\t\t\t\n\t\t\t\n\t\t\t\t<option value=\"https:\/\/biblio1.mdp.edu.ar\/centro-ventas\/categoria-producto\/libro\/edudem\/coleccion-mar-del-plata\/\">\n\t\t\t\t\t&minus;&minus;\n\t\t\t\t\tColecci\u00f3n MAR DEL PLATA, entre el Mar y la Pampa\n\t\t\t\t\t(6)\n\t\t\t\t<\/option>\n\t\t\t\t\n\t\t\t\n\t\t\t\t<option value=\"https:\/\/biblio1.mdp.edu.ar\/centro-ventas\/categoria-producto\/libro\/edudem\/coleccion-pasiones\/\">\n\t\t\t\t\t&minus;&minus;\n\t\t\t\t\tColecci\u00f3n PASIONES\n\t\t\t\t\t(3)\n\t\t\t\t<\/option>\n\t\t\t\t\n\t\t\t\n\t\t\t\t<option value=\"https:\/\/biblio1.mdp.edu.ar\/centro-ventas\/categoria-producto\/libro\/edudem\/coleccion-synopticon\/\">\n\t\t\t\t\t&minus;&minus;\n\t\t\t\t\tColecci\u00f3n SYNOPTICON\n\t\t\t\t\t(2)\n\t\t\t\t<\/option>\n\t\t\t\t\n\t\t\t\n\t\t\t\t<option value=\"https:\/\/biblio1.mdp.edu.ar\/centro-ventas\/categoria-producto\/libro\/edudem\/coleccion-temas-de-ciudadania-y-politica\/\">\n\t\t\t\t\t&minus;&minus;\n\t\t\t\t\tColecci\u00f3n TEMAS DE CIUDADAN\u00cdA Y POL\u00cdTICA\n\t\t\t\t\t(16)\n\t\t\t\t<\/option>\n\t\t\t\t\n\t\t\t\n\t\t\t\t<option value=\"https:\/\/biblio1.mdp.edu.ar\/centro-ventas\/categoria-producto\/libro\/edudem\/coleccion-libros-de-grado\/\">\n\t\t\t\t\t&minus;&minus;\n\t\t\t\t\tEUDEM &#8211; LIBROS DE GRADO\n\t\t\t\t\t(6)\n\t\t\t\t<\/option>\n\t\t\t\t\n\t\t\t\n\t\t\t\t<option value=\"https:\/\/biblio1.mdp.edu.ar\/centro-ventas\/categoria-producto\/libro\/edudem\/fuera-de-serie\/\">\n\t\t\t\t\t&minus;&minus;\n\t\t\t\t\tFUERA DE SERIE\n\t\t\t\t\t(12)\n\t\t\t\t<\/option>\n\t\t\t\t\n\t\t\t\n\t\t\t\t<option value=\"https:\/\/biblio1.mdp.edu.ar\/centro-ventas\/categoria-producto\/libro\/edudem\/coleccion-leciart\/\">\n\t\t\t\t\t&minus;&minus;\n\t\t\t\t\tLECIART\n\t\t\t\t\t(13)\n\t\t\t\t<\/option>\n\t\t\t\t\n\t\t\t\n\t\t\t\t<option value=\"https:\/\/biblio1.mdp.edu.ar\/centro-ventas\/categoria-producto\/libro\/edudem\/raros-y-olvidados\/\">\n\t\t\t\t\t&minus;&minus;\n\t\t\t\t\tRAROS Y OLVIDADOS\n\t\t\t\t\t(1)\n\t\t\t\t<\/option>\n\t\t\t\t\n\t\t\t\n\t\t\t\t<option value=\"https:\/\/biblio1.mdp.edu.ar\/centro-ventas\/categoria-producto\/libro\/edudem\/serie-signos\/\">\n\t\t\t\t\t&minus;&minus;\n\t\t\t\t\tSerie SIGNOS\n\t\t\t\t\t(9)\n\t\t\t\t<\/option>\n\t\t\t\t\n\t\t\t\n\t\t\t\t<option value=\"https:\/\/biblio1.mdp.edu.ar\/centro-ventas\/categoria-producto\/libro\/edudem\/serie-simbolos\/\">\n\t\t\t\t\t&minus;&minus;\n\t\t\t\t\tSerie S\u00cdMBOLOS\n\t\t\t\t\t(78)\n\t\t\t\t<\/option>\n\t\t\t\t\n\t\t\t\n\t\t\t\t<option value=\"https:\/\/biblio1.mdp.edu.ar\/centro-ventas\/categoria-producto\/libro\/edudem\/serie-trames\/\">\n\t\t\t\t\t&minus;&minus;\n\t\t\t\t\tSerie TRAMES\n\t\t\t\t\t(11)\n\t\t\t\t<\/option>\n\t\t\t\t\n\t\t\t\n\t\t\t\n\t\t\t\t<option value=\"https:\/\/biblio1.mdp.edu.ar\/centro-ventas\/categoria-producto\/libro\/historia\/\">\n\t\t\t\t\t&minus;\n\t\t\t\t\tHistoria\n\t\t\t\t\t(1)\n\t\t\t\t<\/option>\n\t\t\t\t\n\t\t\t\n\t\t\t\t<option value=\"https:\/\/biblio1.mdp.edu.ar\/centro-ventas\/categoria-producto\/libro\/la-crujia\/\">\n\t\t\t\t\t&minus;\n\t\t\t\t\tLa Cruj\u00eda\n\t\t\t\t\t(1)\n\t\t\t\t<\/option>\n\t\t\t\t\n\t\t\t\n\t\t\t\t<option value=\"https:\/\/biblio1.mdp.edu.ar\/centro-ventas\/categoria-producto\/libro\/la-hendija\/\">\n\t\t\t\t\t&minus;\n\t\t\t\t\tLa Hendija\n\t\t\t\t\t(2)\n\t\t\t\t<\/option>\n\t\t\t\t\n\t\t\t\n\t\t\t\t<option value=\"https:\/\/biblio1.mdp.edu.ar\/centro-ventas\/categoria-producto\/libro\/letras\/\">\n\t\t\t\t\t&minus;\n\t\t\t\t\tLetras\n\t\t\t\t\t(1)\n\t\t\t\t<\/option>\n\t\t\t\t\n\t\t\t\n\t\t\t\t<option value=\"https:\/\/biblio1.mdp.edu.ar\/centro-ventas\/categoria-producto\/libro\/medicina\/\">\n\t\t\t\t\t&minus;\n\t\t\t\t\tMedicina Y Ciencias de la Salud\n\t\t\t\t\t(18)\n\t\t\t\t<\/option>\n\t\t\t\t\n\t\t\t\n\t\t\t\t<option value=\"https:\/\/biblio1.mdp.edu.ar\/centro-ventas\/categoria-producto\/libro\/nobuko\/\">\n\t\t\t\t\t&minus;\n\t\t\t\t\tNOBUKO\n\t\t\t\t\t(2)\n\t\t\t\t<\/option>\n\t\t\t\t\n\t\t\t\n\t\t\t\t<option value=\"https:\/\/biblio1.mdp.edu.ar\/centro-ventas\/categoria-producto\/libro\/polemos\/\">\n\t\t\t\t\t&minus;\n\t\t\t\t\tPOLEMOS\n\t\t\t\t\t(2)\n\t\t\t\t<\/option>\n\t\t\t\t\n\t\t\t\n\t\t\t\t<option value=\"https:\/\/biblio1.mdp.edu.ar\/centro-ventas\/categoria-producto\/libro\/psicologia\/\">\n\t\t\t\t\t&minus;\n\t\t\t\t\tPsicolog\u00eda\n\t\t\t\t\t(4)\n\t\t\t\t<\/option>\n\t\t\t\t\n\t\t\t\n\t\t\t\t<option value=\"https:\/\/biblio1.mdp.edu.ar\/centro-ventas\/categoria-producto\/libro\/salud\/\">\n\t\t\t\t\t&minus;\n\t\t\t\t\tSalud\n\t\t\t\t\t(15)\n\t\t\t\t<\/option>\n\t\t\t\t\n\t\t\t\n\t\t\t\t<option value=\"https:\/\/biblio1.mdp.edu.ar\/centro-ventas\/categoria-producto\/libro\/tinta-libre\/\">\n\t\t\t\t\t&minus;\n\t\t\t\t\tTinta Libre\n\t\t\t\t\t(1)\n\t\t\t\t<\/option>\n\t\t\t\t\n\t\t\t\n\t\t\t\t<option value=\"https:\/\/biblio1.mdp.edu.ar\/centro-ventas\/categoria-producto\/libro\/unaj\/\">\n\t\t\t\t\t&minus;\n\t\t\t\t\tUNAJ\n\t\t\t\t\t(1)\n\t\t\t\t<\/option>\n\t\t\t\t\n\t\t\t\n\t\t\t\t<option value=\"https:\/\/biblio1.mdp.edu.ar\/centro-ventas\/categoria-producto\/libro\/unc\/\">\n\t\t\t\t\t&minus;\n\t\t\t\t\tUNC\n\t\t\t\t\t(9)\n\t\t\t\t<\/option>\n\t\t\t\t\n\t\t\t\n\t\t\t\t<option value=\"https:\/\/biblio1.mdp.edu.ar\/centro-ventas\/categoria-producto\/libro\/ungs\/\">\n\t\t\t\t\t&minus;\n\t\t\t\t\tUNGS\n\t\t\t\t\t(21)\n\t\t\t\t<\/option>\n\t\t\t\t\n\t\t\t\n\t\t\t\t<option value=\"https:\/\/biblio1.mdp.edu.ar\/centro-ventas\/categoria-producto\/libro\/unirio\/\">\n\t\t\t\t\t&minus;\n\t\t\t\t\tUNIRIO\n\t\t\t\t\t(1)\n\t\t\t\t<\/option>\n\t\t\t\t\n\t\t\t\n\t\t\t\t<option value=\"https:\/\/biblio1.mdp.edu.ar\/centro-ventas\/categoria-producto\/libro\/unmdp\/\">\n\t\t\t\t\t&minus;\n\t\t\t\t\tUNMDP\n\t\t\t\t\t(2)\n\t\t\t\t<\/option>\n\t\t\t\t\n\t\t\t\n\t\t\t\t<option value=\"https:\/\/biblio1.mdp.edu.ar\/centro-ventas\/categoria-producto\/libro\/unr-libro\/\">\n\t\t\t\t\t&minus;\n\t\t\t\t\tUNR\n\t\t\t\t\t(1)\n\t\t\t\t<\/option>\n\t\t\t\t\n\t\t\t\n\t\t\t\t<option value=\"https:\/\/biblio1.mdp.edu.ar\/centro-ventas\/categoria-producto\/libro\/unsa\/\">\n\t\t\t\t\t&minus;\n\t\t\t\t\tUNSA\n\t\t\t\t\t(3)\n\t\t\t\t<\/option>\n\t\t\t\t\n\t\t\t\n\t\t\t\t<option value=\"https:\/\/biblio1.mdp.edu.ar\/centro-ventas\/categoria-producto\/libro\/vazques-y-mazzini-editores-libro\/\">\n\t\t\t\t\t&minus;\n\t\t\t\t\tVazques y Mazzini Editores\n\t\t\t\t\t(1)\n\t\t\t\t<\/option>\n\t\t\t\t\n\t\t\t\n\t\t\t\n\t\t\t\t<option value=\"https:\/\/biblio1.mdp.edu.ar\/centro-ventas\/categoria-producto\/mar-del-plata\/\">\n\t\t\t\t\t\n\t\t\t\t\tMar del Plata\n\t\t\t\t\t(20)\n\t\t\t\t<\/option>\n\t\t\t\t\n\t\t\t\n\t\t\t\t<option value=\"https:\/\/biblio1.mdp.edu.ar\/centro-ventas\/categoria-producto\/punto-de-venta-derecho\/\">\n\t\t\t\t\t\n\t\t\t\t\tPunto de Venta Derecho\n\t\t\t\t\t(57)\n\t\t\t\t<\/option>\n\t\t\t\t\n\t\t\t\n\t\t\t\t<option value=\"https:\/\/biblio1.mdp.edu.ar\/centro-ventas\/categoria-producto\/regalos\/\">\n\t\t\t\t\t\n\t\t\t\t\tRegalos\n\t\t\t\t\t(28)\n\t\t\t\t<\/option>\n\t\t\t\t\n\t\t\t\t<option value=\"https:\/\/biblio1.mdp.edu.ar\/centro-ventas\/categoria-producto\/regalos\/accesorios\/\">\n\t\t\t\t\t&minus;\n\t\t\t\t\tAccesorios\n\t\t\t\t\t(7)\n\t\t\t\t<\/option>\n\t\t\t\t\n\t\t\t\n\t\t\t\t<option value=\"https:\/\/biblio1.mdp.edu.ar\/centro-ventas\/categoria-producto\/regalos\/hidratacion\/\">\n\t\t\t\t\t&minus;\n\t\t\t\t\tHidrataci\u00f3n&amp;Mates\n\t\t\t\t\t(7)\n\t\t\t\t<\/option>\n\t\t\t\t\n\t\t\t\n\t\t\t\t<option value=\"https:\/\/biblio1.mdp.edu.ar\/centro-ventas\/categoria-producto\/regalos\/indumentaria\/\">\n\t\t\t\t\t&minus;\n\t\t\t\t\tIndumentaria&amp;Textil\n\t\t\t\t\t(7)\n\t\t\t\t<\/option>\n\t\t\t\t\n\t\t\t\n\t\t\t\t<option value=\"https:\/\/biblio1.mdp.edu.ar\/centro-ventas\/categoria-producto\/regalos\/papeleria\/\">\n\t\t\t\t\t&minus;\n\t\t\t\t\tPapeler\u00eda &amp; Escritura\n\t\t\t\t\t(6)\n\t\t\t\t<\/option>\n\t\t\t\t\n\t\t\t\n\t\t\t\n\t\t\t\t<option value=\"https:\/\/biblio1.mdp.edu.ar\/centro-ventas\/categoria-producto\/revistas\/\">\n\t\t\t\t\t\n\t\t\t\t\tRevistas\n\t\t\t\t\t(13)\n\t\t\t\t<\/option>\n\t\t\t\t\n\t\t\t\t<option value=\"https:\/\/biblio1.mdp.edu.ar\/centro-ventas\/categoria-producto\/revistas\/1100-revistas\/\">\n\t\t\t\t\t&minus;\n\t\t\t\t\t1:100\n\t\t\t\t\t(2)\n\t\t\t\t<\/option>\n\t\t\t\t\n\t\t\t\n\t\t\t\t<option value=\"https:\/\/biblio1.mdp.edu.ar\/centro-ventas\/categoria-producto\/revistas\/casas-internacional\/\">\n\t\t\t\t\t&minus;\n\t\t\t\t\tCasas Internacional\n\t\t\t\t\t(5)\n\t\t\t\t<\/option>\n\t\t\t\t\n\t\t\t\n\t\t\t\t<option value=\"https:\/\/biblio1.mdp.edu.ar\/centro-ventas\/categoria-producto\/revistas\/summa\/\">\n\t\t\t\t\t&minus;\n\t\t\t\t\tsumma+\n\t\t\t\t\t(4)\n\t\t\t\t<\/option>\n\t\t\t\t\n\t\t\t\t<option value=\"https:\/\/biblio1.mdp.edu.ar\/centro-ventas\/categoria-producto\/revistas\/summa\/revista-barzon\/\">\n\t\t\t\t\t&minus;&minus;\n\t\t\t\t\tRevista Barzon\n\t\t\t\t\t(1)\n\t\t\t\t<\/option>\n\t\t\t\t\n\t\t\t\n\t\t\t\n\t\t\t\n\t\t\t\t<\/select>\n\t\t\t<\/div>\n\t\t\t<button\n\t\t\t\ttype=\"button\"\n\t\t\t\tclass=\"wc-block-product-categories__button\"\n\t\t\t\taria-label=\"Ir a la categor\u00eda\"\n\t\t\t\tonclick=\"const url = document.getElementById( 'product-categories-69d5342020cbd-select' ).value; if ( 'false' !== url ) document.location.href = url;\"\n\t\t\t>\n\t\t\t\t<svg\n\t\t\t\t\taria-hidden=\"true\"\n\t\t\t\t\trole=\"img\"\n\t\t\t\t\tfocusable=\"false\"\n\t\t\t\t\tclass=\"dashicon dashicons-arrow-right-alt2\"\n\t\t\t\t\txmlns=\"http:\/\/www.w3.org\/2000\/svg\"\n\t\t\t\t\twidth=\"20\"\n\t\t\t\t\theight=\"20\"\n\t\t\t\t\tviewBox=\"0 0 20 20\"\n\t\t\t\t>\n\t\t\t\t\t<path d=\"M6 15l5-5-5-5 1-2 7 7-7 7z\" \/>\n\t\t\t\t<\/svg>\n\t\t\t<\/button>\n\t\t<\/div><\/div>\n\n<div class=\"wp-block-column is-layout-flow wp-block-column-is-layout-flow\" style=\"flex-basis:25%\"><\/div><\/div><\/div><\/div><div class=\"wp-block-uagb-container uagb-block-fcf6f8c2 alignfull uagb-is-root-container\"><div class=\"uagb-container-inner-blocks-wrap\"><h6>El material publicado en esta secci\u00f3n se puede adquirir en la Biblioteca Central, ubicada en \u00a0Rodr\u00edguez Pe\u00f1a 4046<\/h6>\n<p>Lunes a viernes, en el horario de 8:00 a 18:00 hs <br \/><span style=\"color: #000000; font-size: 16px; font-style: normal;\"><br \/>Para realizar compras comun\u00edquese<\/span><span style=\"color: #000000; font-size: 16px; font-style: normal;\"> a<\/span> Tel\u00e9fono: 54 (0223) 475-2333\u00a0 (Interno 30)\u00a0\u00a0<\/p>\n<p>Email: ventasbiblioteca@mdp.edu.ar<\/p><\/div><\/div><div class=\"wp-block-uagb-container uagb-block-889bed5a alignfull uagb-is-root-container\"><div class=\"uagb-container-inner-blocks-wrap\"><\/div><\/div><p class=\"wp-block-paragraph\"><\/p>","protected":false},"excerpt":{"rendered":"<p>Centro de Ventas Buscar por categor\u00edas El material publicado en esta secci\u00f3n se puede adquirir en la Biblioteca Central, ubicada en \u00a0Rodr\u00edguez Pe\u00f1a 4046 Lunes a viernes, en el horario de 8:00 a 18:00 hs Para realizar compras comun\u00edquese a Tel\u00e9fono: 54 (0223) 475-2333\u00a0 (Interno 30)\u00a0\u00a0 Email: ventasbiblioteca@mdp.edu.ar<\/p>\n","protected":false},"author":1,"featured_media":0,"parent":0,"menu_order":0,"comment_status":"closed","ping_status":"closed","template":"","meta":{"_acf_changed":false,"_eb_attr":"","_crdt_document":"","_uag_custom_page_level_css":"","_editorskit_title_hidden":false,"_editorskit_reading_time":0,"_editorskit_is_block_options_detached":false,"_editorskit_block_options_position":"{}","site-sidebar-layout":"default","site-content-layout":"","ast-site-content-layout":"default","site-content-style":"default","site-sidebar-style":"default","ast-global-header-display":"","ast-banner-title-visibility":"","ast-main-header-display":"","ast-hfb-above-header-display":"","ast-hfb-below-header-display":"","ast-hfb-mobile-header-display":"","site-post-title":"","ast-breadcrumbs-content":"","ast-featured-img":"","footer-sml-layout":"","ast-disable-related-posts":"","theme-transparent-header-meta":"","adv-header-id-meta":"","stick-header-meta":"","header-above-stick-meta":"","header-main-stick-meta":"","header-below-stick-meta":"","astra-migrate-meta-layouts":"set","ast-page-background-enabled":"default","ast-page-background-meta":{"desktop":{"background-color":"var(--ast-global-color-4)","background-image":"","background-repeat":"repeat","background-position":"center center","background-size":"auto","background-attachment":"scroll","background-type":"","background-media":"","overlay-type":"","overlay-color":"","overlay-opacity":"","overlay-gradient":""},"tablet":{"background-color":"","background-image":"","background-repeat":"repeat","background-position":"center center","background-size":"auto","background-attachment":"scroll","background-type":"","background-media":"","overlay-type":"","overlay-color":"","overlay-opacity":"","overlay-gradient":""},"mobile":{"background-color":"","background-image":"","background-repeat":"repeat","background-position":"center center","background-size":"auto","background-attachment":"scroll","background-type":"","background-media":"","overlay-type":"","overlay-color":"","overlay-opacity":"","overlay-gradient":""}},"ast-content-background-meta":{"desktop":{"background-color":"var(--ast-global-color-5)","background-image":"","background-repeat":"repeat","background-position":"center center","background-size":"auto","background-attachment":"scroll","background-type":"","background-media":"","overlay-type":"","overlay-color":"","overlay-opacity":"","overlay-gradient":""},"tablet":{"background-color":"var(--ast-global-color-5)","background-image":"","background-repeat":"repeat","background-position":"center center","background-size":"auto","background-attachment":"scroll","background-type":"","background-media":"","overlay-type":"","overlay-color":"","overlay-opacity":"","overlay-gradient":""},"mobile":{"background-color":"var(--ast-global-color-5)","background-image":"","background-repeat":"repeat","background-position":"center center","background-size":"auto","background-attachment":"scroll","background-type":"","background-media":"","overlay-type":"","overlay-color":"","overlay-opacity":"","overlay-gradient":""}},"footnotes":""},"class_list":["post-3109","page","type-page","status-publish","hentry"],"acf":[],"uagb_featured_image_src":{"full":false,"thumbnail":false,"medium":false,"medium_large":false,"large":false,"1536x1536":false,"2048x2048":false,"woocommerce_thumbnail":false,"woocommerce_single":false,"woocommerce_gallery_thumbnail":false},"uagb_author_info":{"display_name":"Castorina Jorge","author_link":"https:\/\/biblio1.mdp.edu.ar\/centro-ventas\/author\/jorge\/"},"uagb_comment_info":0,"uagb_excerpt":"Centro de Ventas Buscar por categor\u00edas El material publicado en esta secci\u00f3n se puede adquirir en la Biblioteca Central, ubicada en \u00a0Rodr\u00edguez Pe\u00f1a 4046 Lunes a viernes, en el horario de 8:00 a 18:00 hs Para realizar compras comun\u00edquese a Tel\u00e9fono: 54 (0223) 475-2333\u00a0 (Interno 30)\u00a0\u00a0 Email: ventasbiblioteca@mdp.edu.ar","_links":{"self":[{"href":"https:\/\/biblio1.mdp.edu.ar\/centro-ventas\/wp-json\/wp\/v2\/pages\/3109","targetHints":{"allow":["GET"]}}],"collection":[{"href":"https:\/\/biblio1.mdp.edu.ar\/centro-ventas\/wp-json\/wp\/v2\/pages"}],"about":[{"href":"https:\/\/biblio1.mdp.edu.ar\/centro-ventas\/wp-json\/wp\/v2\/types\/page"}],"author":[{"embeddable":true,"href":"https:\/\/biblio1.mdp.edu.ar\/centro-ventas\/wp-json\/wp\/v2\/users\/1"}],"replies":[{"embeddable":true,"href":"https:\/\/biblio1.mdp.edu.ar\/centro-ventas\/wp-json\/wp\/v2\/comments?post=3109"}],"version-history":[{"count":59,"href":"https:\/\/biblio1.mdp.edu.ar\/centro-ventas\/wp-json\/wp\/v2\/pages\/3109\/revisions"}],"predecessor-version":[{"id":3935,"href":"https:\/\/biblio1.mdp.edu.ar\/centro-ventas\/wp-json\/wp\/v2\/pages\/3109\/revisions\/3935"}],"wp:attachment":[{"href":"https:\/\/biblio1.mdp.edu.ar\/centro-ventas\/wp-json\/wp\/v2\/media?parent=3109"}],"curies":[{"name":"wp","href":"https:\/\/api.w.org\/{rel}","templated":true}]}}